{"id":2851,"date":"2025-08-25T16:33:26","date_gmt":"2025-08-25T16:33:26","guid":{"rendered":"https:\/\/beige-termite-933439.hostingersite.com\/?page_id=2851"},"modified":"2025-08-26T08:47:58","modified_gmt":"2025-08-26T08:47:58","slug":"mentions-legales","status":"publish","type":"page","link":"https:\/\/kptourist-investment.com\/en\/mentions-legales\/","title":{"rendered":"Terms of use"},"content":{"rendered":"<div data-elementor-type=\"wp-page\" data-elementor-id=\"2851\" class=\"elementor elementor-2851\" data-elementor-post-type=\"page\">\n\t\t\t\t<div class=\"elementor-element elementor-element-812bf5a e-flex e-con-boxed wpr-particle-no wpr-jarallax-no wpr-parallax-no wpr-sticky-section-no e-con e-parent\" data-id=\"812bf5a\" data-element_type=\"container\">\n\t\t\t\t\t<div class=\"e-con-inner\">\n\t\t<div class=\"elementor-element elementor-element-b3717bf e-con-full e-flex wpr-particle-no wpr-jarallax-no wpr-parallax-no wpr-sticky-section-no e-con e-child\" data-id=\"b3717bf\" data-element_type=\"container\">\n\t\t\t\t<div class=\"elementor-element elementor-element-1aabfb1 elementor-widget elementor-widget-heading\" data-id=\"1aabfb1\" data-element_type=\"widget\" data-widget_type=\"heading.default\">\n\t\t\t\t\t<h2 class=\"elementor-heading-title elementor-size-default\">Terms of use<\/h2>\t\t\t\t<\/div>\n\t\t\t\t<\/div>\n\t\t<div class=\"elementor-element elementor-element-ccb528e e-con-full e-flex wpr-particle-no wpr-jarallax-no wpr-parallax-no wpr-sticky-section-no e-con e-child\" data-id=\"ccb528e\" data-element_type=\"container\">\n\t\t\t\t<div class=\"elementor-element elementor-element-ffc7b17 elementor-widget elementor-widget-text-editor\" data-id=\"ffc7b17\" data-element_type=\"widget\" data-widget_type=\"text-editor.default\">\n\t\t\t\t\t\t\t\t\t<p>kptourist-investment.com is published by the company <strong>KP TOURIST &amp; INVESTMENT.<br \/><br \/><\/strong><\/p><p><strong>KP TOURIST &amp; INVESTMENT<br \/><\/strong>ST HILAIRE DE LOULAY, 6 RES LES PINS, 85600 MONTAIGU-VENDEE<br \/>Phone: +33 7 43 55 42 41<br \/>E-mail: kptouristguide24@yahoo.com<br \/><br \/>SIRET n\u00b0 98490190000014<br \/><br \/>Director of Publication :<br \/>Folly FRANKLIN<\/p><p><strong>WEBMASTER<br \/><\/strong>This site is hosted by :<br \/><strong>Hostinger<br \/><\/strong>HOSTINGER operations, UAB<br \/>\u0160vitrigailos str. 34, Vilnius 03230 Lithuania<\/p><p><strong>CONFIDENTIALITY AND DATA PROTECTION<br \/><\/strong>In accordance with the French Data Protection Act of 06 January 1978, you may modify or delete your registration details at any time. This information is confidential,\u00a0<strong>KP TOURIST &amp; INVESTMENT <\/strong>is committed to protecting them.<\/p><p>You have the right to access, modify, rectify and delete data concerning you (art. 34 of the French Data Protection Act). You can exercise this right directly on the sites concerned, or by contacting us:<\/p><p><strong>KP TOURIST &amp; INVESTMENT<br \/><\/strong>ST HILAIRE DE LOULAY, 6 RES LES PINS, 85600 MONTAIGU-VENDEE<br \/>Phone: +33 7 43 55 42 41<br \/>E-mail: kptouristguide24@yahoo.com<\/p><p>\u00a0<\/p>\t\t\t\t\t\t\t\t<\/div>\n\t\t\t\t<\/div>\n\t\t\t\t\t<\/div>\n\t\t\t\t<\/div>\n\t\t\t\t<\/div>","protected":false},"excerpt":{"rendered":"<p>Legal information kptourist-investment.com is published by KP TOURIST &amp; INVESTMENT. KP TOURIST &amp; INVESTMENTST HILAIRE DE LOULAY, 6 RES LES PINS, 85600 MONTAIGU-VENDEt\u00e9l. : +33 7 43 55 42 41E-mail : kptouristguide24@yahoo.com SIRET n\u00b0 98490190000014 Directeur de la Publication :Folly FRANKLIN HEBERGEURThis site is hosted by :HostingerHOSTINGER operations, UAB\u0160vitrigailos str. 34, Vilnius 03230 Lithuania CONFIDENTIALITY AND DATA PROTECTIONIn accordance with the French Data Protection Act of 06 January 1978, you may modify or delete your registration details at any time. As this information is confidential, KP TOURIST &amp; INVESTMENT undertakes to protect it. You have the right to access, modify, rectify and delete data concerning you (art. 34 of the French Data Protection Act). You can exercise this right directly on the sites concerned, or by contacting us: KP TOURIST &amp; INVESTMENTST HILAIRE DE LOULAY, 6 RES LES PINS, 85600 MONTAIGU-VENDEETel: +33 7 43 55 42 41E-mail: kptouristguide24@yahoo.com \u00a0<\/p>","protected":false},"author":1,"featured_media":0,"parent":0,"menu_order":0,"comment_status":"closed","ping_status":"closed","template":"","meta":{"site-sidebar-layout":"no-sidebar","site-content-layout":"page-builder","ast-site-content-layout":"full-width-container","site-content-style":"default","site-sidebar-style":"default","ast-global-header-display":"","ast-banner-title-visibility":"","ast-main-header-display":"","ast-hfb-above-header-display":"","ast-hfb-below-header-display":"","ast-hfb-mobile-header-display":"","site-post-title":"disabled","ast-breadcrumbs-content":"","ast-featured-img":"disabled","footer-sml-layout":"","theme-transparent-header-meta":"","adv-header-id-meta":"","stick-header-meta":"","header-above-stick-meta":"","header-main-stick-meta":"","header-below-stick-meta":"","astra-migrate-meta-layouts":"set","ast-page-background-enabled":"default","ast-page-background-meta":{"desktop":{"background-color":"","background-image":"","background-repeat":"repeat","background-position":"center center","background-size":"auto","background-attachment":"scroll","background-type":"","background-media":"","overlay-type":"","overlay-color":"","overlay-opacity":"","overlay-gradient":""},"tablet":{"background-color":"","background-image":"","background-repeat":"repeat","background-position":"center center","background-size":"auto","background-attachment":"scroll","background-type":"","background-media":"","overlay-type":"","overlay-color":"","overlay-opacity":"","overlay-gradient":""},"mobile":{"background-color":"","background-image":"","background-repeat":"repeat","background-position":"center center","background-size":"auto","background-attachment":"scroll","background-type":"","background-media":"","overlay-type":"","overlay-color":"","overlay-opacity":"","overlay-gradient":""}},"ast-content-background-meta":{"desktop":{"background-color":"var(--ast-global-color-5)","background-image":"","background-repeat":"repeat","background-position":"center center","background-size":"auto","background-attachment":"scroll","background-type":"","background-media":"","overlay-type":"","overlay-color":"","overlay-opacity":"","overlay-gradient":""},"tablet":{"background-color":"var(--ast-global-color-5)","background-image":"","background-repeat":"repeat","background-position":"center center","background-size":"auto","background-attachment":"scroll","background-type":"","background-media":"","overlay-type":"","overlay-color":"","overlay-opacity":"","overlay-gradient":""},"mobile":{"background-color":"var(--ast-global-color-5)","background-image":"","background-repeat":"repeat","background-position":"center center","background-size":"auto","background-attachment":"scroll","background-type":"","background-media":"","overlay-type":"","overlay-color":"","overlay-opacity":"","overlay-gradient":""}},"footnotes":""},"class_list":["post-2851","page","type-page","status-publish","hentry"],"yoast_head":"<!-- This site is optimized with the Yoast SEO plugin v25.8 - https:\/\/yoast.com\/wordpress\/plugins\/seo\/ -->\n<title>Mentions l\u00e9gales - KP Tourist &amp; Investment<\/title>\n<meta name=\"robots\" content=\"noindex, nofollow\" \/>\n<meta property=\"og:locale\" content=\"en_US\" \/>\n<meta property=\"og:type\" content=\"article\" \/>\n<meta property=\"og:title\" content=\"Mentions l\u00e9gales - KP Tourist &amp; Investment\" \/>\n<meta property=\"og:description\" content=\"Mentions l\u00e9gales kptourist-investment.com est \u00e9dit\u00e9 par la soci\u00e9t\u00e9 KP TOURIST &amp; INVESTMENT. KP TOURIST &amp; INVESTMENTST HILAIRE DE LOULAY, 6 RES LES PINS, 85600 MONTAIGU-VENDEET\u00e9l. : +33 7 43 55 42 41E-mail : kptouristguide24@yahoo.com SIRET n\u00b0 98490190000014 Directeur de la Publication :Folly FRANKLIN HEBERGEURCe site est h\u00e9berg\u00e9 par :HostingerHOSTINGER operations, UAB\u0160vitrigailos str. 34, Vilnius 03230 Lithuania CONFIDENTIALITE ET PROTECTION DES DONNEESConform\u00e9ment \u00e0 la loi informatique et libert\u00e9s du 06 janvier 1978, vous pouvez \u00e0 tout moment modifier ou supprimer les renseignements li\u00e9s \u00e0 votre inscription. Ces informations vous concernant \u00e9tant confidentielles,\u00a0KP TOURIST &amp; INVESTMENT s\u2019engage \u00e0 les prot\u00e9ger. Vous disposez d\u2019un droit d\u2019acc\u00e8s, de modification, de rectification et de suppression des donn\u00e9es qui vous concernent (art. 34 de la loi \u00ab\u00a0Informatique et Libert\u00e9s\u00a0\u00bb). Vous pouvez exercer ce droit directement sur les sites concern\u00e9s ou en nous contactant : KP TOURIST &amp; INVESTMENTST HILAIRE DE LOULAY, 6 RES LES PINS, 85600 MONTAIGU-VENDEET\u00e9l. : +33 7 43 55 42 41E-mail : kptouristguide24@yahoo.com \u00a0\" \/>\n<meta property=\"og:url\" content=\"https:\/\/kptourist-investment.com\/en\/mentions-legales\/\" \/>\n<meta property=\"og:site_name\" content=\"KP Tourist &amp; Investment\" \/>\n<meta property=\"article:modified_time\" content=\"2025-08-26T08:47:58+00:00\" \/>\n<meta name=\"twitter:card\" content=\"summary_large_image\" \/>\n<meta name=\"twitter:label1\" content=\"Est. reading time\" \/>\n\t<meta name=\"twitter:data1\" content=\"1 minute\" \/>\n<script type=\"application\/ld+json\" class=\"yoast-schema-graph\">{\"@context\":\"https:\/\/schema.org\",\"@graph\":[{\"@type\":\"WebPage\",\"@id\":\"https:\/\/kptourist-investment.com\/mentions-legales\/\",\"url\":\"https:\/\/kptourist-investment.com\/mentions-legales\/\",\"name\":\"Mentions l\u00e9gales - KP Tourist &amp; Investment\",\"isPartOf\":{\"@id\":\"https:\/\/kptourist-investment.com\/#website\"},\"datePublished\":\"2025-08-25T16:33:26+00:00\",\"dateModified\":\"2025-08-26T08:47:58+00:00\",\"breadcrumb\":{\"@id\":\"https:\/\/kptourist-investment.com\/mentions-legales\/#breadcrumb\"},\"inLanguage\":\"en-US\",\"potentialAction\":[{\"@type\":\"ReadAction\",\"target\":[\"https:\/\/kptourist-investment.com\/mentions-legales\/\"]}]},{\"@type\":\"BreadcrumbList\",\"@id\":\"https:\/\/kptourist-investment.com\/mentions-legales\/#breadcrumb\",\"itemListElement\":[{\"@type\":\"ListItem\",\"position\":1,\"name\":\"Accueil\",\"item\":\"https:\/\/kptourist-investment.com\/\"},{\"@type\":\"ListItem\",\"position\":2,\"name\":\"Mentions l\u00e9gales\"}]},{\"@type\":\"WebSite\",\"@id\":\"https:\/\/kptourist-investment.com\/#website\",\"url\":\"https:\/\/kptourist-investment.com\/\",\"name\":\"KP Tourist &amp; Investment\",\"description\":\"\",\"potentialAction\":[{\"@type\":\"SearchAction\",\"target\":{\"@type\":\"EntryPoint\",\"urlTemplate\":\"https:\/\/kptourist-investment.com\/?s={search_term_string}\"},\"query-input\":{\"@type\":\"PropertyValueSpecification\",\"valueRequired\":true,\"valueName\":\"search_term_string\"}}],\"inLanguage\":\"en-US\"}]}<\/script>\n<!-- \/ Yoast SEO plugin. -->","yoast_head_json":{"title":"Mentions l\u00e9gales - KP Tourist &amp; Investment","robots":{"index":"noindex","follow":"nofollow"},"og_locale":"en_US","og_type":"article","og_title":"Mentions l\u00e9gales - KP Tourist &amp; Investment","og_description":"Mentions l\u00e9gales kptourist-investment.com est \u00e9dit\u00e9 par la soci\u00e9t\u00e9 KP TOURIST &amp; INVESTMENT. KP TOURIST &amp; INVESTMENTST HILAIRE DE LOULAY, 6 RES LES PINS, 85600 MONTAIGU-VENDEET\u00e9l. : +33 7 43 55 42 41E-mail : kptouristguide24@yahoo.com SIRET n\u00b0 98490190000014 Directeur de la Publication :Folly FRANKLIN HEBERGEURCe site est h\u00e9berg\u00e9 par :HostingerHOSTINGER operations, UAB\u0160vitrigailos str. 34, Vilnius 03230 Lithuania CONFIDENTIALITE ET PROTECTION DES DONNEESConform\u00e9ment \u00e0 la loi informatique et libert\u00e9s du 06 janvier 1978, vous pouvez \u00e0 tout moment modifier ou supprimer les renseignements li\u00e9s \u00e0 votre inscription. Ces informations vous concernant \u00e9tant confidentielles,\u00a0KP TOURIST &amp; INVESTMENT s\u2019engage \u00e0 les prot\u00e9ger. Vous disposez d\u2019un droit d\u2019acc\u00e8s, de modification, de rectification et de suppression des donn\u00e9es qui vous concernent (art. 34 de la loi \u00ab\u00a0Informatique et Libert\u00e9s\u00a0\u00bb). Vous pouvez exercer ce droit directement sur les sites concern\u00e9s ou en nous contactant : KP TOURIST &amp; INVESTMENTST HILAIRE DE LOULAY, 6 RES LES PINS, 85600 MONTAIGU-VENDEET\u00e9l. : +33 7 43 55 42 41E-mail : kptouristguide24@yahoo.com \u00a0","og_url":"https:\/\/kptourist-investment.com\/en\/mentions-legales\/","og_site_name":"KP Tourist &amp; Investment","article_modified_time":"2025-08-26T08:47:58+00:00","twitter_card":"summary_large_image","twitter_misc":{"Est. reading time":"1 minute"},"schema":{"@context":"https:\/\/schema.org","@graph":[{"@type":"WebPage","@id":"https:\/\/kptourist-investment.com\/mentions-legales\/","url":"https:\/\/kptourist-investment.com\/mentions-legales\/","name":"Mentions l\u00e9gales - KP Tourist &amp; Investment","isPartOf":{"@id":"https:\/\/kptourist-investment.com\/#website"},"datePublished":"2025-08-25T16:33:26+00:00","dateModified":"2025-08-26T08:47:58+00:00","breadcrumb":{"@id":"https:\/\/kptourist-investment.com\/mentions-legales\/#breadcrumb"},"inLanguage":"en-US","potentialAction":[{"@type":"ReadAction","target":["https:\/\/kptourist-investment.com\/mentions-legales\/"]}]},{"@type":"BreadcrumbList","@id":"https:\/\/kptourist-investment.com\/mentions-legales\/#breadcrumb","itemListElement":[{"@type":"ListItem","position":1,"name":"Accueil","item":"https:\/\/kptourist-investment.com\/"},{"@type":"ListItem","position":2,"name":"Mentions l\u00e9gales"}]},{"@type":"WebSite","@id":"https:\/\/kptourist-investment.com\/#website","url":"https:\/\/kptourist-investment.com\/","name":"KP Tourist &amp; Investment","description":"","potentialAction":[{"@type":"SearchAction","target":{"@type":"EntryPoint","urlTemplate":"https:\/\/kptourist-investment.com\/?s={search_term_string}"},"query-input":{"@type":"PropertyValueSpecification","valueRequired":true,"valueName":"search_term_string"}}],"inLanguage":"en-US"}]}},"_links":{"self":[{"href":"https:\/\/kptourist-investment.com\/en\/wp-json\/wp\/v2\/pages\/2851","targetHints":{"allow":["GET"]}}],"collection":[{"href":"https:\/\/kptourist-investment.com\/en\/wp-json\/wp\/v2\/pages"}],"about":[{"href":"https:\/\/kptourist-investment.com\/en\/wp-json\/wp\/v2\/types\/page"}],"author":[{"embeddable":true,"href":"https:\/\/kptourist-investment.com\/en\/wp-json\/wp\/v2\/users\/1"}],"replies":[{"embeddable":true,"href":"https:\/\/kptourist-investment.com\/en\/wp-json\/wp\/v2\/comments?post=2851"}],"version-history":[{"count":19,"href":"https:\/\/kptourist-investment.com\/en\/wp-json\/wp\/v2\/pages\/2851\/revisions"}],"predecessor-version":[{"id":2874,"href":"https:\/\/kptourist-investment.com\/en\/wp-json\/wp\/v2\/pages\/2851\/revisions\/2874"}],"wp:attachment":[{"href":"https:\/\/kptourist-investment.com\/en\/wp-json\/wp\/v2\/media?parent=2851"}],"curies":[{"name":"wp","href":"https:\/\/api.w.org\/{rel}","templated":true}]}}